{"id":622,"date":"2025-12-22T12:51:50","date_gmt":"2025-12-22T12:51:50","guid":{"rendered":"https:\/\/carameloefiapo.com.br\/?page_id=622"},"modified":"2026-03-05T13:39:21","modified_gmt":"2026-03-05T16:39:21","slug":"formas-de-pagamento","status":"publish","type":"page","link":"https:\/\/carameloefiapo.com.br\/en\/formas-de-pagamento\/","title":{"rendered":"Formas de pagamento"},"content":{"rendered":"<div data-elementor-type=\"wp-page\" data-elementor-id=\"622\" class=\"elementor elementor-622\" data-elementor-post-type=\"page\">\n\t\t\t\t<div class=\"elementor-element elementor-element-c44f72c e-flex e-con-boxed e-con e-parent\" data-id=\"c44f72c\" data-element_type=\"container\" data-settings=\"{&quot;background_background&quot;:&quot;classic&quot;}\">\n\t\t\t\t\t<div class=\"e-con-inner\">\n\t\t\t\t<div class=\"elementor-element elementor-element-676191ca elementor-widget elementor-widget-text-editor\" data-id=\"676191ca\" data-element_type=\"widget\" data-widget_type=\"text-editor.default\">\n\t\t\t\t\t\t\t\t\t\n<p>Formas de Pagamento \u2013 Caramelo &amp; Fiapo<\/p>\n<p>Aceitamos cart\u00e3o de cr\u00e9dito, cart\u00e3o de d\u00e9bito, Pix e boleto banc\u00e1rio.<\/p>\n<p>Os pagamentos s\u00e3o processados com seguran\u00e7a por meio do Mercado Pago.<\/p>\n<p>O pedido ser\u00e1 processado ap\u00f3s a confirma\u00e7\u00e3o do pagamento. Em caso de pagamento por boleto, a confirma\u00e7\u00e3o pode levar at\u00e9 2 dias \u00fateis.<\/p>\n\t\t\t\t\t\t\t\t<\/div>\n\t\t\t\t\t<\/div>\n\t\t\t\t<\/div>\n\t\t\t\t<\/div>","protected":false},"excerpt":{"rendered":"<p>Formas de Pagamento \u2013 Caramelo &amp; Fiapo Aceitamos cart\u00e3o de cr\u00e9dito, cart\u00e3o de d\u00e9bito, Pix e boleto banc\u00e1rio. Os pagamentos s\u00e3o processados com seguran\u00e7a por meio do Mercado Pago. O pedido ser\u00e1 processado ap\u00f3s a confirma\u00e7\u00e3o do pagamento. Em caso de pagamento por boleto, a confirma\u00e7\u00e3o pode levar at\u00e9 2 dias \u00fateis.<\/p>","protected":false},"author":1,"featured_media":0,"parent":0,"menu_order":0,"comment_status":"closed","ping_status":"closed","template":"elementor_header_footer","meta":{"_acf_changed":false,"footnotes":""},"class_list":["post-622","page","type-page","status-publish","hentry"],"acf":[],"yoast_head":"<!-- This site is optimized with the Yoast SEO plugin v27.5 - https:\/\/yoast.com\/product\/yoast-seo-wordpress\/ -->\n<title>Formas de pagamento - Caramelo &amp; Fiapo<\/title>\n<meta name=\"robots\" content=\"index, follow, max-snippet:-1, max-image-preview:large, max-video-preview:-1\" \/>\n<link rel=\"canonical\" href=\"https:\/\/carameloefiapo.com.br\/en\/formas-de-pagamento\/\" \/>\n<meta property=\"og:locale\" content=\"en_US\" \/>\n<meta property=\"og:type\" content=\"article\" \/>\n<meta property=\"og:title\" content=\"Formas de pagamento - Caramelo &amp; Fiapo\" \/>\n<meta property=\"og:description\" content=\"Formas de Pagamento \u2013 Caramelo &amp; Fiapo Aceitamos cart\u00e3o de cr\u00e9dito, cart\u00e3o de d\u00e9bito, Pix e boleto banc\u00e1rio. Os pagamentos s\u00e3o processados com seguran\u00e7a por meio do Mercado Pago. O pedido ser\u00e1 processado ap\u00f3s a confirma\u00e7\u00e3o do pagamento. Em caso de pagamento por boleto, a confirma\u00e7\u00e3o pode levar at\u00e9 2 dias \u00fateis.\" \/>\n<meta property=\"og:url\" content=\"https:\/\/carameloefiapo.com.br\/en\/formas-de-pagamento\/\" \/>\n<meta property=\"og:site_name\" content=\"Caramelo &amp; Fiapo\" \/>\n<meta property=\"article:publisher\" content=\"https:\/\/www.facebook.com\/people\/Caramelo-Fiapo\/\" \/>\n<meta property=\"article:modified_time\" content=\"2026-03-05T16:39:21+00:00\" \/>\n<meta name=\"twitter:card\" content=\"summary_large_image\" \/>\n<script type=\"application\/ld+json\" class=\"yoast-schema-graph\">{\"@context\":\"https:\\\/\\\/schema.org\",\"@graph\":[{\"@type\":\"WebPage\",\"@id\":\"https:\\\/\\\/carameloefiapo.com.br\\\/formas-de-pagamento\\\/\",\"url\":\"https:\\\/\\\/carameloefiapo.com.br\\\/formas-de-pagamento\\\/\",\"name\":\"Formas de pagamento - Caramelo &amp; Fiapo\",\"isPartOf\":{\"@id\":\"https:\\\/\\\/carameloefiapo.com.br\\\/#website\"},\"datePublished\":\"2025-12-22T12:51:50+00:00\",\"dateModified\":\"2026-03-05T16:39:21+00:00\",\"breadcrumb\":{\"@id\":\"https:\\\/\\\/carameloefiapo.com.br\\\/formas-de-pagamento\\\/#breadcrumb\"},\"inLanguage\":\"en-US\",\"potentialAction\":[{\"@type\":\"ReadAction\",\"target\":[\"https:\\\/\\\/carameloefiapo.com.br\\\/formas-de-pagamento\\\/\"]}]},{\"@type\":\"BreadcrumbList\",\"@id\":\"https:\\\/\\\/carameloefiapo.com.br\\\/formas-de-pagamento\\\/#breadcrumb\",\"itemListElement\":[{\"@type\":\"ListItem\",\"position\":1,\"name\":\"In\u00edcio\",\"item\":\"https:\\\/\\\/carameloefiapo.com.br\\\/\"},{\"@type\":\"ListItem\",\"position\":2,\"name\":\"Formas de pagamento\"}]},{\"@type\":\"WebSite\",\"@id\":\"https:\\\/\\\/carameloefiapo.com.br\\\/#website\",\"url\":\"https:\\\/\\\/carameloefiapo.com.br\\\/\",\"name\":\"Caramelo & Fiapo\",\"description\":\"\",\"publisher\":{\"@id\":\"https:\\\/\\\/carameloefiapo.com.br\\\/#organization\"},\"potentialAction\":[{\"@type\":\"SearchAction\",\"target\":{\"@type\":\"EntryPoint\",\"urlTemplate\":\"https:\\\/\\\/carameloefiapo.com.br\\\/?s={search_term_string}\"},\"query-input\":{\"@type\":\"PropertyValueSpecification\",\"valueRequired\":true,\"valueName\":\"search_term_string\"}}],\"inLanguage\":\"en-US\"},{\"@type\":\"Organization\",\"@id\":\"https:\\\/\\\/carameloefiapo.com.br\\\/#organization\",\"name\":\"Caramelo & Fiapo\",\"url\":\"https:\\\/\\\/carameloefiapo.com.br\\\/\",\"logo\":{\"@type\":\"ImageObject\",\"inLanguage\":\"en-US\",\"@id\":\"https:\\\/\\\/carameloefiapo.com.br\\\/#\\\/schema\\\/logo\\\/image\\\/\",\"url\":\"https:\\\/\\\/carameloefiapo.com.br\\\/wp-content\\\/uploads\\\/2025\\\/12\\\/logo.svg\",\"contentUrl\":\"https:\\\/\\\/carameloefiapo.com.br\\\/wp-content\\\/uploads\\\/2025\\\/12\\\/logo.svg\",\"width\":176,\"height\":106,\"caption\":\"Caramelo & Fiapo\"},\"image\":{\"@id\":\"https:\\\/\\\/carameloefiapo.com.br\\\/#\\\/schema\\\/logo\\\/image\\\/\"},\"sameAs\":[\"https:\\\/\\\/www.facebook.com\\\/people\\\/Caramelo-Fiapo\\\/\",\"https:\\\/\\\/www.instagram.com\\\/carameloefiapooficial\"]}]}<\/script>\n<!-- \/ Yoast SEO plugin. -->","yoast_head_json":{"title":"Formas de pagamento - Caramelo &amp; Fiapo","robots":{"index":"index","follow":"follow","max-snippet":"max-snippet:-1","max-image-preview":"max-image-preview:large","max-video-preview":"max-video-preview:-1"},"canonical":"https:\/\/carameloefiapo.com.br\/en\/formas-de-pagamento\/","og_locale":"en_US","og_type":"article","og_title":"Formas de pagamento - Caramelo &amp; Fiapo","og_description":"Formas de Pagamento \u2013 Caramelo &amp; Fiapo Aceitamos cart\u00e3o de cr\u00e9dito, cart\u00e3o de d\u00e9bito, Pix e boleto banc\u00e1rio. Os pagamentos s\u00e3o processados com seguran\u00e7a por meio do Mercado Pago. O pedido ser\u00e1 processado ap\u00f3s a confirma\u00e7\u00e3o do pagamento. Em caso de pagamento por boleto, a confirma\u00e7\u00e3o pode levar at\u00e9 2 dias \u00fateis.","og_url":"https:\/\/carameloefiapo.com.br\/en\/formas-de-pagamento\/","og_site_name":"Caramelo &amp; Fiapo","article_publisher":"https:\/\/www.facebook.com\/people\/Caramelo-Fiapo\/","article_modified_time":"2026-03-05T16:39:21+00:00","twitter_card":"summary_large_image","schema":{"@context":"https:\/\/schema.org","@graph":[{"@type":"WebPage","@id":"https:\/\/carameloefiapo.com.br\/formas-de-pagamento\/","url":"https:\/\/carameloefiapo.com.br\/formas-de-pagamento\/","name":"Formas de pagamento - Caramelo &amp; Fiapo","isPartOf":{"@id":"https:\/\/carameloefiapo.com.br\/#website"},"datePublished":"2025-12-22T12:51:50+00:00","dateModified":"2026-03-05T16:39:21+00:00","breadcrumb":{"@id":"https:\/\/carameloefiapo.com.br\/formas-de-pagamento\/#breadcrumb"},"inLanguage":"en-US","potentialAction":[{"@type":"ReadAction","target":["https:\/\/carameloefiapo.com.br\/formas-de-pagamento\/"]}]},{"@type":"BreadcrumbList","@id":"https:\/\/carameloefiapo.com.br\/formas-de-pagamento\/#breadcrumb","itemListElement":[{"@type":"ListItem","position":1,"name":"In\u00edcio","item":"https:\/\/carameloefiapo.com.br\/"},{"@type":"ListItem","position":2,"name":"Formas de pagamento"}]},{"@type":"WebSite","@id":"https:\/\/carameloefiapo.com.br\/#website","url":"https:\/\/carameloefiapo.com.br\/","name":"Caramelo & Fiapo","description":"","publisher":{"@id":"https:\/\/carameloefiapo.com.br\/#organization"},"potentialAction":[{"@type":"SearchAction","target":{"@type":"EntryPoint","urlTemplate":"https:\/\/carameloefiapo.com.br\/?s={search_term_string}"},"query-input":{"@type":"PropertyValueSpecification","valueRequired":true,"valueName":"search_term_string"}}],"inLanguage":"en-US"},{"@type":"Organization","@id":"https:\/\/carameloefiapo.com.br\/#organization","name":"Caramelo & Fiapo","url":"https:\/\/carameloefiapo.com.br\/","logo":{"@type":"ImageObject","inLanguage":"en-US","@id":"https:\/\/carameloefiapo.com.br\/#\/schema\/logo\/image\/","url":"https:\/\/carameloefiapo.com.br\/wp-content\/uploads\/2025\/12\/logo.svg","contentUrl":"https:\/\/carameloefiapo.com.br\/wp-content\/uploads\/2025\/12\/logo.svg","width":176,"height":106,"caption":"Caramelo & Fiapo"},"image":{"@id":"https:\/\/carameloefiapo.com.br\/#\/schema\/logo\/image\/"},"sameAs":["https:\/\/www.facebook.com\/people\/Caramelo-Fiapo\/","https:\/\/www.instagram.com\/carameloefiapooficial"]}]}},"_links":{"self":[{"href":"https:\/\/carameloefiapo.com.br\/en\/wp-json\/wp\/v2\/pages\/622","targetHints":{"allow":["GET"]}}],"collection":[{"href":"https:\/\/carameloefiapo.com.br\/en\/wp-json\/wp\/v2\/pages"}],"about":[{"href":"https:\/\/carameloefiapo.com.br\/en\/wp-json\/wp\/v2\/types\/page"}],"author":[{"embeddable":true,"href":"https:\/\/carameloefiapo.com.br\/en\/wp-json\/wp\/v2\/users\/1"}],"replies":[{"embeddable":true,"href":"https:\/\/carameloefiapo.com.br\/en\/wp-json\/wp\/v2\/comments?post=622"}],"version-history":[{"count":0,"href":"https:\/\/carameloefiapo.com.br\/en\/wp-json\/wp\/v2\/pages\/622\/revisions"}],"wp:attachment":[{"href":"https:\/\/carameloefiapo.com.br\/en\/wp-json\/wp\/v2\/media?parent=622"}],"curies":[{"name":"wp","href":"https:\/\/api.w.org\/{rel}","templated":true}]}}